{"id":1328,"date":"2024-07-03T14:30:38","date_gmt":"2024-07-03T20:30:38","guid":{"rendered":"https:\/\/quasarlab.com.mx\/?post_type=product&#038;p=1328"},"modified":"2024-08-24T00:02:11","modified_gmt":"2024-08-24T06:02:11","slug":"curso-de-cosmetica-natural-para-principiantes","status":"publish","type":"product","link":"https:\/\/quasarlab.com.mx\/?product=curso-de-cosmetica-natural-para-principiantes","title":{"rendered":"CURSO DE COSMETICA NATURAL PARA PRINCIPIANTES"},"content":{"rendered":"<p>CURSO 24 DE AGOSTO \/ DURACI\u00d3N 3 HORAS<\/p>\n<p>En esta ocasi\u00f3n, aprenderemos a preparar una CREMA HIPER HIDRATANTE ANTIEDAD, para uso diario en rostro y manos. Esta crema incluir\u00e1 un activo hidratante nuevo que acabamos de dise\u00f1ar: Tryaluronic DHX3, que es un \u00e1cido hialur\u00f3nico de 3 pesos moleculares que te garantiza hidratar tus c\u00e9lulas desde su nacimiento hasta la superficie de tu piel.<\/p>\n<p>El curso incluye: todos los activos\u00a0 y extractos naturales requeridos para preparar medio kilo de tu f\u00f3rmula, capacitaci\u00f3n y acompa\u00f1amiento de personal qu\u00edmico experto en formulaciones durante todo el proceso de preparaci\u00f3n, acceso a material de laboratorio para preparar tu cosm\u00e9tico, informaci\u00f3n t\u00e9cnica de todos los activos utilizados durante el proceso, y un descuento del 10% en tu siguiente curso.<\/p>\n","protected":false},"excerpt":{"rendered":"<p>CURSO 24 DE AGOSTO \/ DURACI\u00d3N 3 HORAS En esta ocasi\u00f3n, aprenderemos a preparar una CREMA HIPER HIDRATANTE ANTIEDAD, para uso diario en rostro y manos. Esta crema incluir\u00e1 un activo hidratante nuevo que acabamos de dise\u00f1ar: Tryaluronic DHX3, que es un \u00e1cido hialur\u00f3nico de 3 pesos moleculares que te garantiza hidratar tus c\u00e9lulas desde [&hellip;]<\/p>\n","protected":false},"featured_media":1347,"comment_status":"closed","ping_status":"closed","template":"","meta":[],"product_cat":[16],"product_tag":[],"class_list":{"0":"post-1328","1":"product","2":"type-product","3":"status-publish","4":"has-post-thumbnail","6":"product_cat-sin-categorizar","8":"first","9":"instock","10":"virtual","11":"purchasable","12":"product-type-simple"},"_links":{"self":[{"href":"https:\/\/quasarlab.com.mx\/index.php?rest_route=\/wp\/v2\/product\/1328","targetHints":{"allow":["GET"]}}],"collection":[{"href":"https:\/\/quasarlab.com.mx\/index.php?rest_route=\/wp\/v2\/product"}],"about":[{"href":"https:\/\/quasarlab.com.mx\/index.php?rest_route=\/wp\/v2\/types\/product"}],"replies":[{"embeddable":true,"href":"https:\/\/quasarlab.com.mx\/index.php?rest_route=%2Fwp%2Fv2%2Fcomments&post=1328"}],"wp:featuredmedia":[{"embeddable":true,"href":"https:\/\/quasarlab.com.mx\/index.php?rest_route=\/wp\/v2\/media\/1347"}],"wp:attachment":[{"href":"https:\/\/quasarlab.com.mx\/index.php?rest_route=%2Fwp%2Fv2%2Fmedia&parent=1328"}],"wp:term":[{"taxonomy":"product_cat","embeddable":true,"href":"https:\/\/quasarlab.com.mx\/index.php?rest_route=%2Fwp%2Fv2%2Fproduct_cat&post=1328"},{"taxonomy":"product_tag","embeddable":true,"href":"https:\/\/quasarlab.com.mx\/index.php?rest_route=%2Fwp%2Fv2%2Fproduct_tag&post=1328"}],"curies":[{"name":"wp","href":"https:\/\/api.w.org\/{rel}","templated":true}]}}